{"id":96,"date":"2025-01-14T19:45:21","date_gmt":"2025-01-14T18:45:21","guid":{"rendered":"https:\/\/amischapellelestreviau.fr\/?page_id=96"},"modified":"2025-01-16T07:07:18","modified_gmt":"2025-01-16T06:07:18","slug":"statuaire","status":"publish","type":"page","link":"https:\/\/amischapellelestreviau.fr\/index.php\/statuaire\/","title":{"rendered":"Statuaire"},"content":{"rendered":"\t\t<div data-elementor-type=\"wp-page\" data-elementor-id=\"96\" class=\"elementor elementor-96\">\n\t\t\t\t<div class=\"elementor-element elementor-element-691ce8c e-grid e-con-boxed e-con e-parent\" data-id=\"691ce8c\" data-element_type=\"container\" data-e-type=\"container\">\n\t\t\t\t\t<div class=\"e-con-inner\">\n\t\t\t\t<div class=\"elementor-element elementor-element-1f56b9a elementor-widget elementor-widget-text-editor\" data-id=\"1f56b9a\" data-element_type=\"widget\" data-e-type=\"widget\" data-widget_type=\"text-editor.default\">\n\t\t\t\t<div class=\"elementor-widget-container\">\n\t\t\t\t\t\t\t\t\t<p><strong><span class=\"xwd10\">La Vierge et l\u2019enfant<\/span><\/strong><span class=\"xwd11\"><strong>\u00a0(en bois)<\/strong><br \/><br \/><\/span><span class=\"xwd13\">Dat\u00e9e de la seconde moiti\u00e9 du XVI\u00e8me si\u00e8cle. Caract\u00e9ris\u00e9e par la mani\u00e8re dont la vierge tient le livre verticalement et ferm\u00e9 vers le bas, alors que l\u2019enfant J\u00e9sus devait tenir dans ses mains un livre ouvert, concept de passage de l\u2019Ancien au Nouveau Testament.<br \/><\/span><span class=\"xwd13\">Cette statue est inscrite \u00e0 l\u2019inventaire suppl\u00e9mentaire des monuments historiques.<br \/><\/span><span class=\"xwd13\">A \u00e9t\u00e9 restaur\u00e9e en 2014.<\/span><\/p>\t\t\t\t\t\t\t\t<\/div>\n\t\t\t\t<\/div>\n\t\t\t\t<div class=\"elementor-element elementor-element-02bec5d elementor-widget elementor-widget-text-editor\" data-id=\"02bec5d\" data-element_type=\"widget\" data-e-type=\"widget\" data-widget_type=\"text-editor.default\">\n\t\t\t\t<div class=\"elementor-widget-container\">\n\t\t\t\t\t\t\t\t\t<p><strong>Saint Thuriau (en bois)<br \/><br \/><\/strong>Date de la fin du XV\u00e8me si\u00e8cle, avant le concile de Trente. De petite taille, devait servir pour les processions.<br \/>Cette statue est inscrite \u00e0 l\u2019inventaire suppl\u00e9mentaire des monuments historiques.<br \/>A \u00e9t\u00e9 restaur\u00e9e en 2014.<\/p>\t\t\t\t\t\t\t\t<\/div>\n\t\t\t\t<\/div>\n\t\t\t\t<div class=\"elementor-element elementor-element-8633fdb elementor-widget elementor-widget-text-editor\" data-id=\"8633fdb\" data-element_type=\"widget\" data-e-type=\"widget\" data-widget_type=\"text-editor.default\">\n\t\t\t\t<div class=\"elementor-widget-container\">\n\t\t\t\t\t\t\t\t\t<p><strong>Le Christ en croix (en bois)<br \/><\/strong><br \/>Date sans doute du XVII\u00e8me si\u00e8cle. Est probablement issue du m\u00eame atelier que la statue de la Vierge.<br \/>A \u00e9t\u00e9 restaur\u00e9e en 2014.<\/p>\t\t\t\t\t\t\t\t<\/div>\n\t\t\t\t<\/div>\n\t\t\t\t\t<\/div>\n\t\t\t\t<\/div>\n\t\t<div class=\"elementor-element elementor-element-e73a0ec e-grid e-con-boxed e-con e-parent\" data-id=\"e73a0ec\" data-element_type=\"container\" data-e-type=\"container\">\n\t\t\t\t\t<div class=\"e-con-inner\">\n\t\t\t\t<div class=\"elementor-element elementor-element-5f2cbcc elementor-widget elementor-widget-image\" data-id=\"5f2cbcc\" data-element_type=\"widget\" data-e-type=\"widget\" data-widget_type=\"image.default\">\n\t\t\t\t<div class=\"elementor-widget-container\">\n\t\t\t\t\t\t\t\t\t\t\t\t\t\t\t<img fetchpriority=\"high\" decoding=\"async\" width=\"683\" height=\"1024\" src=\"https:\/\/amischapellelestreviau.fr\/wp-content\/uploads\/2025\/01\/Vierge-IMG_4673-683x1024.jpg\" class=\"attachment-large size-large wp-image-157\" alt=\"\" srcset=\"https:\/\/amischapellelestreviau.fr\/wp-content\/uploads\/2025\/01\/Vierge-IMG_4673-683x1024.jpg 683w, https:\/\/amischapellelestreviau.fr\/wp-content\/uploads\/2025\/01\/Vierge-IMG_4673-200x300.jpg 200w, https:\/\/amischapellelestreviau.fr\/wp-content\/uploads\/2025\/01\/Vierge-IMG_4673-768x1152.jpg 768w, https:\/\/amischapellelestreviau.fr\/wp-content\/uploads\/2025\/01\/Vierge-IMG_4673.jpg 804w\" sizes=\"(max-width: 683px) 100vw, 683px\" \/>\t\t\t\t\t\t\t\t\t\t\t\t\t\t\t<\/div>\n\t\t\t\t<\/div>\n\t\t\t\t<div class=\"elementor-element elementor-element-87ae18c elementor-widget elementor-widget-image\" data-id=\"87ae18c\" data-element_type=\"widget\" data-e-type=\"widget\" data-widget_type=\"image.default\">\n\t\t\t\t<div class=\"elementor-widget-container\">\n\t\t\t\t\t\t\t\t\t\t\t\t\t\t\t<img decoding=\"async\" width=\"671\" height=\"1024\" src=\"https:\/\/amischapellelestreviau.fr\/wp-content\/uploads\/2025\/01\/St-Thuiau-restaur-IMG_4675rr-671x1024.jpg\" class=\"attachment-large size-large wp-image-153\" alt=\"\" srcset=\"https:\/\/amischapellelestreviau.fr\/wp-content\/uploads\/2025\/01\/St-Thuiau-restaur-IMG_4675rr-671x1024.jpg 671w, https:\/\/amischapellelestreviau.fr\/wp-content\/uploads\/2025\/01\/St-Thuiau-restaur-IMG_4675rr-196x300.jpg 196w, https:\/\/amischapellelestreviau.fr\/wp-content\/uploads\/2025\/01\/St-Thuiau-restaur-IMG_4675rr-768x1173.jpg 768w, https:\/\/amischapellelestreviau.fr\/wp-content\/uploads\/2025\/01\/St-Thuiau-restaur-IMG_4675rr-1006x1536.jpg 1006w, https:\/\/amischapellelestreviau.fr\/wp-content\/uploads\/2025\/01\/St-Thuiau-restaur-IMG_4675rr-1341x2048.jpg 1341w, https:\/\/amischapellelestreviau.fr\/wp-content\/uploads\/2025\/01\/St-Thuiau-restaur-IMG_4675rr.jpg 1374w\" sizes=\"(max-width: 671px) 100vw, 671px\" \/>\t\t\t\t\t\t\t\t\t\t\t\t\t\t\t<\/div>\n\t\t\t\t<\/div>\n\t\t\t\t<div class=\"elementor-element elementor-element-7854af3 elementor-widget elementor-widget-image\" data-id=\"7854af3\" data-element_type=\"widget\" data-e-type=\"widget\" data-widget_type=\"image.default\">\n\t\t\t\t<div class=\"elementor-widget-container\">\n\t\t\t\t\t\t\t\t\t\t\t\t\t\t\t<img decoding=\"async\" width=\"683\" height=\"1024\" src=\"https:\/\/amischapellelestreviau.fr\/wp-content\/uploads\/2025\/01\/Christ-IMG_4603-683x1024.jpg\" class=\"attachment-large size-large wp-image-158\" alt=\"\" srcset=\"https:\/\/amischapellelestreviau.fr\/wp-content\/uploads\/2025\/01\/Christ-IMG_4603-683x1024.jpg 683w, https:\/\/amischapellelestreviau.fr\/wp-content\/uploads\/2025\/01\/Christ-IMG_4603-200x300.jpg 200w, https:\/\/amischapellelestreviau.fr\/wp-content\/uploads\/2025\/01\/Christ-IMG_4603-768x1152.jpg 768w, https:\/\/amischapellelestreviau.fr\/wp-content\/uploads\/2025\/01\/Christ-IMG_4603.jpg 804w\" sizes=\"(max-width: 683px) 100vw, 683px\" \/>\t\t\t\t\t\t\t\t\t\t\t\t\t\t\t<\/div>\n\t\t\t\t<\/div>\n\t\t\t\t\t<\/div>\n\t\t\t\t<\/div>\n\t\t<div class=\"elementor-element elementor-element-d796821 e-grid e-con-boxed e-con e-parent\" data-id=\"d796821\" data-element_type=\"container\" data-e-type=\"container\">\n\t\t\t\t\t<div class=\"e-con-inner\">\n\t\t\t\t<div class=\"elementor-element elementor-element-d3f6b37 elementor-widget elementor-widget-text-editor\" data-id=\"d3f6b37\" data-element_type=\"widget\" data-e-type=\"widget\" data-widget_type=\"text-editor.default\">\n\t\t\t\t<div class=\"elementor-widget-container\">\n\t\t\t\t\t\t\t\t\t<p><strong>Saint Roch (en pl\u00e2tre)<br \/><\/strong><br \/>Statue dite \u00ab\u00a0catalogue\u00a0\u00bb du XIX\u00e8me si\u00e8cle.<br \/>St Roch \u00e9tait associ\u00e9 \u00e0 la peste. En effet, la peste \u00e9tait l\u00e0 encore au XVIII\u00b0s. St Roch est parti en p\u00e8lerinage \u00e0 Compostelle (il en a les insignes : la coquille St Jacques, le b\u00e2ton, la gourde), et \u00e0 cause de ces p\u00e8lerinages, il a lui-m\u00eame contract\u00e9 la peste, et a \u00e9t\u00e9 soign\u00e9 par un chien qui a l\u00e9ch\u00e9 ses plaies.<\/p>\t\t\t\t\t\t\t\t<\/div>\n\t\t\t\t<\/div>\n\t\t\t\t<div class=\"elementor-element elementor-element-744451b elementor-widget elementor-widget-text-editor\" data-id=\"744451b\" data-element_type=\"widget\" data-e-type=\"widget\" data-widget_type=\"text-editor.default\">\n\t\t\t\t<div class=\"elementor-widget-container\">\n\t\t\t\t\t\t\t\t\t<p><span class=\"xwd10\"><strong>Saint Thuriau (en pl\u00e2tre)<br \/><\/strong><br \/><\/span><span class=\"xwd13\">Statue dite \u00ab\u00a0catalogue\u00a0\u00bb du XIX\u00e8me si\u00e8cle.\u00a0<br \/><\/span><span class=\"xwd13\">St Thuriau n\u00e9 probablement pr\u00e8s de Redon aurait v\u00e9cu au VII\u00b0s, et aurait \u00e9t\u00e9 archev\u00eaque de Dol.<br \/><\/span><span class=\"xwd13\">Pr\u00e8s de Noyal Pontivy, il y a une \u00e9glise qui poss\u00e8de un lambris peint de 24 sc\u00e8nes de la vie de St Thuriau.<\/span><\/p>\t\t\t\t\t\t\t\t<\/div>\n\t\t\t\t<\/div>\n\t\t\t\t\t<\/div>\n\t\t\t\t<\/div>\n\t\t<div class=\"elementor-element elementor-element-819c02f e-grid e-con-boxed e-con e-parent\" data-id=\"819c02f\" data-element_type=\"container\" data-e-type=\"container\">\n\t\t\t\t\t<div class=\"e-con-inner\">\n\t\t\t\t<div class=\"elementor-element elementor-element-2ba12a3 elementor-widget elementor-widget-image\" data-id=\"2ba12a3\" data-element_type=\"widget\" data-e-type=\"widget\" data-widget_type=\"image.default\">\n\t\t\t\t<div class=\"elementor-widget-container\">\n\t\t\t\t\t\t\t\t\t\t\t\t\t\t\t<img loading=\"lazy\" decoding=\"async\" width=\"683\" height=\"1024\" src=\"https:\/\/amischapellelestreviau.fr\/wp-content\/uploads\/2025\/01\/St-Roc-IMG_2136-St-Roc-683x1024.jpg\" class=\"attachment-large size-large wp-image-159\" alt=\"\" srcset=\"https:\/\/amischapellelestreviau.fr\/wp-content\/uploads\/2025\/01\/St-Roc-IMG_2136-St-Roc-683x1024.jpg 683w, https:\/\/amischapellelestreviau.fr\/wp-content\/uploads\/2025\/01\/St-Roc-IMG_2136-St-Roc-200x300.jpg 200w, https:\/\/amischapellelestreviau.fr\/wp-content\/uploads\/2025\/01\/St-Roc-IMG_2136-St-Roc-768x1152.jpg 768w, https:\/\/amischapellelestreviau.fr\/wp-content\/uploads\/2025\/01\/St-Roc-IMG_2136-St-Roc.jpg 804w\" sizes=\"(max-width: 683px) 100vw, 683px\" \/>\t\t\t\t\t\t\t\t\t\t\t\t\t\t\t<\/div>\n\t\t\t\t<\/div>\n\t\t\t\t<div class=\"elementor-element elementor-element-7bd2346 elementor-widget elementor-widget-image\" data-id=\"7bd2346\" data-element_type=\"widget\" data-e-type=\"widget\" data-widget_type=\"image.default\">\n\t\t\t\t<div class=\"elementor-widget-container\">\n\t\t\t\t\t\t\t\t\t\t\t\t\t\t\t<img loading=\"lazy\" decoding=\"async\" width=\"574\" height=\"862\" src=\"https:\/\/amischapellelestreviau.fr\/wp-content\/uploads\/2025\/01\/St-Thuriau-platre.jpg\" class=\"attachment-large size-large wp-image-170\" alt=\"\" srcset=\"https:\/\/amischapellelestreviau.fr\/wp-content\/uploads\/2025\/01\/St-Thuriau-platre.jpg 574w, https:\/\/amischapellelestreviau.fr\/wp-content\/uploads\/2025\/01\/St-Thuriau-platre-200x300.jpg 200w\" sizes=\"(max-width: 574px) 100vw, 574px\" \/>\t\t\t\t\t\t\t\t\t\t\t\t\t\t\t<\/div>\n\t\t\t\t<\/div>\n\t\t\t\t\t<\/div>\n\t\t\t\t<\/div>\n\t\t<div class=\"elementor-element elementor-element-cd4ac2f e-flex e-con-boxed e-con e-parent\" data-id=\"cd4ac2f\" data-element_type=\"container\" data-e-type=\"container\">\n\t\t\t\t\t<div class=\"e-con-inner\">\n\t\t\t\t\t<\/div>\n\t\t\t\t<\/div>\n\t\t\t\t<\/div>\n\t\t","protected":false},"excerpt":{"rendered":"<p>La Vierge et l\u2019enfant\u00a0(en bois) Dat\u00e9e de la seconde moiti\u00e9 du XVI\u00e8me si\u00e8cle. Caract\u00e9ris\u00e9e par la mani\u00e8re dont la vierge tient le livre verticalement et ferm\u00e9 vers le bas, alors que l\u2019enfant J\u00e9sus devait tenir dans ses mains un livre ouvert, concept de passage de l\u2019Ancien au Nouveau Testament.Cette statue est inscrite \u00e0 l\u2019inventaire suppl\u00e9mentaire [&hellip;]<\/p>\n","protected":false},"author":1,"featured_media":0,"parent":0,"menu_order":0,"comment_status":"closed","ping_status":"closed","template":"elementor_header_footer","meta":{"ocean_post_layout":"","ocean_both_sidebars_style":"","ocean_both_sidebars_content_width":0,"ocean_both_sidebars_sidebars_width":0,"ocean_sidebar":"","ocean_second_sidebar":"","ocean_disable_margins":"enable","ocean_add_body_class":"","ocean_shortcode_before_top_bar":"","ocean_shortcode_after_top_bar":"","ocean_shortcode_before_header":"","ocean_shortcode_after_header":"","ocean_has_shortcode":"","ocean_shortcode_after_title":"","ocean_shortcode_before_footer_widgets":"","ocean_shortcode_after_footer_widgets":"","ocean_shortcode_before_footer_bottom":"","ocean_shortcode_after_footer_bottom":"","ocean_display_top_bar":"default","ocean_display_header":"default","ocean_header_style":"","ocean_center_header_left_menu":"","ocean_custom_header_template":"","ocean_custom_logo":0,"ocean_custom_retina_logo":0,"ocean_custom_logo_max_width":0,"ocean_custom_logo_tablet_max_width":0,"ocean_custom_logo_mobile_max_width":0,"ocean_custom_logo_max_height":0,"ocean_custom_logo_tablet_max_height":0,"ocean_custom_logo_mobile_max_height":0,"ocean_header_custom_menu":"","ocean_menu_typo_font_family":"","ocean_menu_typo_font_subset":"","ocean_menu_typo_font_size":0,"ocean_menu_typo_font_size_tablet":0,"ocean_menu_typo_font_size_mobile":0,"ocean_menu_typo_font_size_unit":"px","ocean_menu_typo_font_weight":"","ocean_menu_typo_font_weight_tablet":"","ocean_menu_typo_font_weight_mobile":"","ocean_menu_typo_transform":"","ocean_menu_typo_transform_tablet":"","ocean_menu_typo_transform_mobile":"","ocean_menu_typo_line_height":0,"ocean_menu_typo_line_height_tablet":0,"ocean_menu_typo_line_height_mobile":0,"ocean_menu_typo_line_height_unit":"","ocean_menu_typo_spacing":0,"ocean_menu_typo_spacing_tablet":0,"ocean_menu_typo_spacing_mobile":0,"ocean_menu_typo_spacing_unit":"","ocean_menu_link_color":"","ocean_menu_link_color_hover":"","ocean_menu_link_color_active":"","ocean_menu_link_background":"","ocean_menu_link_hover_background":"","ocean_menu_link_active_background":"","ocean_menu_social_links_bg":"","ocean_menu_social_hover_links_bg":"","ocean_menu_social_links_color":"","ocean_menu_social_hover_links_color":"","ocean_disable_title":"default","ocean_disable_heading":"default","ocean_post_title":"","ocean_post_subheading":"","ocean_post_title_style":"","ocean_post_title_background_color":"","ocean_post_title_background":0,"ocean_post_title_bg_image_position":"","ocean_post_title_bg_image_attachment":"","ocean_post_title_bg_image_repeat":"","ocean_post_title_bg_image_size":"","ocean_post_title_height":0,"ocean_post_title_bg_overlay":0.5,"ocean_post_title_bg_overlay_color":"","ocean_disable_breadcrumbs":"default","ocean_breadcrumbs_color":"","ocean_breadcrumbs_separator_color":"","ocean_breadcrumbs_links_color":"","ocean_breadcrumbs_links_hover_color":"","ocean_display_footer_widgets":"default","ocean_display_footer_bottom":"default","ocean_custom_footer_template":"","footnotes":""},"class_list":["post-96","page","type-page","status-publish","hentry","entry"],"_links":{"self":[{"href":"https:\/\/amischapellelestreviau.fr\/index.php\/wp-json\/wp\/v2\/pages\/96","targetHints":{"allow":["GET"]}}],"collection":[{"href":"https:\/\/amischapellelestreviau.fr\/index.php\/wp-json\/wp\/v2\/pages"}],"about":[{"href":"https:\/\/amischapellelestreviau.fr\/index.php\/wp-json\/wp\/v2\/types\/page"}],"author":[{"embeddable":true,"href":"https:\/\/amischapellelestreviau.fr\/index.php\/wp-json\/wp\/v2\/users\/1"}],"replies":[{"embeddable":true,"href":"https:\/\/amischapellelestreviau.fr\/index.php\/wp-json\/wp\/v2\/comments?post=96"}],"version-history":[{"count":22,"href":"https:\/\/amischapellelestreviau.fr\/index.php\/wp-json\/wp\/v2\/pages\/96\/revisions"}],"predecessor-version":[{"id":173,"href":"https:\/\/amischapellelestreviau.fr\/index.php\/wp-json\/wp\/v2\/pages\/96\/revisions\/173"}],"wp:attachment":[{"href":"https:\/\/amischapellelestreviau.fr\/index.php\/wp-json\/wp\/v2\/media?parent=96"}],"curies":[{"name":"wp","href":"https:\/\/api.w.org\/{rel}","templated":true}]}}