{"id":88,"date":"2025-01-14T19:36:20","date_gmt":"2025-01-14T18:36:20","guid":{"rendered":"https:\/\/amischapellelestreviau.fr\/?page_id=88"},"modified":"2025-01-14T21:44:01","modified_gmt":"2025-01-14T20:44:01","slug":"architecture-de-la-chapelle","status":"publish","type":"page","link":"https:\/\/amischapellelestreviau.fr\/index.php\/architecture-de-la-chapelle\/","title":{"rendered":"Architecture de la chapelle"},"content":{"rendered":"\t\t<div data-elementor-type=\"wp-page\" data-elementor-id=\"88\" class=\"elementor elementor-88\">\n\t\t\t\t<div class=\"elementor-element elementor-element-21be64d e-flex e-con-boxed e-con e-parent\" data-id=\"21be64d\" data-element_type=\"container\" data-e-type=\"container\">\n\t\t\t\t\t<div class=\"e-con-inner\">\n\t\t<div class=\"elementor-element elementor-element-f47534a e-con-full e-flex e-con e-child\" data-id=\"f47534a\" data-element_type=\"container\" data-e-type=\"container\">\n\t\t\t\t<div class=\"elementor-element elementor-element-ba85f0e elementor-widget elementor-widget-text-editor\" data-id=\"ba85f0e\" data-element_type=\"widget\" data-e-type=\"widget\" data-widget_type=\"text-editor.default\">\n\t\t\t\t<div class=\"elementor-widget-container\">\n\t\t\t\t\t\t\t\t\t<p>Construite sur un commun de village, la chapelle Saint Thuriau daterait du XV\u00b0s.<\/p><p><span class=\"xwd7\">Cette chapelle pr\u00e9sente un plan architectural rectangulaire simple. Un clocheton surmonte le mur pignon Ouest perc\u00e9 de la porte principale. La fa\u00e7ade Nord comporte une seule fen\u00eatre, alors que la fa\u00e7ade Sud comporte \u00e0 la fois une petite porte et une fen\u00eatre. La fa\u00e7ade Est qui comporte une fen\u00eatre s\u2019est vue adjoindre une petite sacristie.<\/span><\/p><p>\u00a0<\/p>\t\t\t\t\t\t\t\t<\/div>\n\t\t\t\t<\/div>\n\t\t\t\t<\/div>\n\t\t<div class=\"elementor-element elementor-element-2daae45 e-con-full e-flex e-con e-child\" data-id=\"2daae45\" data-element_type=\"container\" data-e-type=\"container\">\n\t\t\t\t<div class=\"elementor-element elementor-element-d5d2d1d elementor-widget elementor-widget-image\" data-id=\"d5d2d1d\" data-element_type=\"widget\" data-e-type=\"widget\" data-widget_type=\"image.default\">\n\t\t\t\t<div class=\"elementor-widget-container\">\n\t\t\t\t\t\t\t\t\t\t\t\t\t\t\t<img fetchpriority=\"high\" decoding=\"async\" width=\"600\" height=\"444\" src=\"https:\/\/amischapellelestreviau.fr\/wp-content\/uploads\/2025\/01\/PICT1871StThuriau.jpg\" class=\"attachment-large size-large wp-image-131\" alt=\"\" srcset=\"https:\/\/amischapellelestreviau.fr\/wp-content\/uploads\/2025\/01\/PICT1871StThuriau.jpg 600w, https:\/\/amischapellelestreviau.fr\/wp-content\/uploads\/2025\/01\/PICT1871StThuriau-300x222.jpg 300w\" sizes=\"(max-width: 600px) 100vw, 600px\" \/>\t\t\t\t\t\t\t\t\t\t\t\t\t\t\t<\/div>\n\t\t\t\t<\/div>\n\t\t\t\t<\/div>\n\t\t<div class=\"elementor-element elementor-element-0678026 e-con-full e-flex e-con e-child\" data-id=\"0678026\" data-element_type=\"container\" data-e-type=\"container\">\n\t\t\t\t<div class=\"elementor-element elementor-element-4a4d52e elementor-widget elementor-widget-image\" data-id=\"4a4d52e\" data-element_type=\"widget\" data-e-type=\"widget\" data-widget_type=\"image.default\">\n\t\t\t\t<div class=\"elementor-widget-container\">\n\t\t\t\t\t\t\t\t\t\t\t\t\t\t\t<img decoding=\"async\" width=\"600\" height=\"400\" src=\"https:\/\/amischapellelestreviau.fr\/wp-content\/uploads\/2025\/01\/IMG_2183.jpg\" class=\"attachment-large size-large wp-image-126\" alt=\"\" srcset=\"https:\/\/amischapellelestreviau.fr\/wp-content\/uploads\/2025\/01\/IMG_2183.jpg 600w, https:\/\/amischapellelestreviau.fr\/wp-content\/uploads\/2025\/01\/IMG_2183-300x200.jpg 300w\" sizes=\"(max-width: 600px) 100vw, 600px\" \/>\t\t\t\t\t\t\t\t\t\t\t\t\t\t\t<\/div>\n\t\t\t\t<\/div>\n\t\t\t\t<\/div>\n\t\t<div class=\"elementor-element elementor-element-cdc71fb e-con-full e-flex e-con e-child\" data-id=\"cdc71fb\" data-element_type=\"container\" data-e-type=\"container\">\n\t\t\t\t<div class=\"elementor-element elementor-element-6d831ad elementor-widget elementor-widget-text-editor\" data-id=\"6d831ad\" data-element_type=\"widget\" data-e-type=\"widget\" data-widget_type=\"text-editor.default\">\n\t\t\t\t<div class=\"elementor-widget-container\">\n\t\t\t\t\t\t\t\t\t<p class=\"xwd8\"><span class=\"xwd7\">La couverture de la porte basse est une ouverture Renaissance, ant\u00e9rieure \u00e0 1833.<\/span><\/p><p class=\"xwd8\"><span class=\"xwd7\">Les petites figures d\u2019angle des murs sont caract\u00e9ristiques des \u00e9glises du XV\u00b0s. Celle donnant sur la route (angle pr\u00e8s de la sacristie) serait St Thuriau.<\/span><\/p><p><span class=\"xwd7\">Il y avait une fontaine \u00e0 proximit\u00e9 \u00e0 l\u2019origine, les \u00e9glises ont toujours eu leur fontaine d\u00e9di\u00e9e\u00a0<\/span><span class=\"xwd7\">(aujourd\u2019hui disparue)<\/span><span class=\"xwd7\">\u00a0\u00e0 cette \u00e9poque, elle se situait face au lavoir et la procession autrefois s\u2019arr\u00eatait \u00e0 cet endroit.<\/span><\/p>\t\t\t\t\t\t\t\t<\/div>\n\t\t\t\t<\/div>\n\t\t\t\t<\/div>\n\t\t\t\t\t<\/div>\n\t\t\t\t<\/div>\n\t\t<div class=\"elementor-element elementor-element-ddfa3c5 e-flex e-con-boxed e-con e-parent\" data-id=\"ddfa3c5\" data-element_type=\"container\" data-e-type=\"container\">\n\t\t\t\t\t<div class=\"e-con-inner\">\n\t\t\t\t<div class=\"elementor-element elementor-element-29b776f elementor-widget elementor-widget-image\" data-id=\"29b776f\" data-element_type=\"widget\" data-e-type=\"widget\" data-widget_type=\"image.default\">\n\t\t\t\t<div class=\"elementor-widget-container\">\n\t\t\t\t\t\t\t\t\t\t\t\t\t\t\t<img decoding=\"async\" width=\"1024\" height=\"683\" src=\"https:\/\/amischapellelestreviau.fr\/wp-content\/uploads\/2025\/01\/IMG_5524m2-1024x683.jpg\" class=\"attachment-large size-large wp-image-145\" alt=\"\" srcset=\"https:\/\/amischapellelestreviau.fr\/wp-content\/uploads\/2025\/01\/IMG_5524m2-1024x683.jpg 1024w, https:\/\/amischapellelestreviau.fr\/wp-content\/uploads\/2025\/01\/IMG_5524m2-300x200.jpg 300w, https:\/\/amischapellelestreviau.fr\/wp-content\/uploads\/2025\/01\/IMG_5524m2-768x512.jpg 768w, https:\/\/amischapellelestreviau.fr\/wp-content\/uploads\/2025\/01\/IMG_5524m2-1536x1024.jpg 1536w, https:\/\/amischapellelestreviau.fr\/wp-content\/uploads\/2025\/01\/IMG_5524m2-2048x1365.jpg 2048w\" sizes=\"(max-width: 1024px) 100vw, 1024px\" \/>\t\t\t\t\t\t\t\t\t\t\t\t\t\t\t<\/div>\n\t\t\t\t<\/div>\n\t\t\t\t\t<\/div>\n\t\t\t\t<\/div>\n\t\t<div class=\"elementor-element elementor-element-3f96dd0 e-flex e-con-boxed e-con e-parent\" data-id=\"3f96dd0\" data-element_type=\"container\" data-e-type=\"container\">\n\t\t\t\t\t<div class=\"e-con-inner\">\n\t\t\t\t<div class=\"elementor-element elementor-element-673cd11 elementor-widget elementor-widget-text-editor\" data-id=\"673cd11\" data-element_type=\"widget\" data-e-type=\"widget\" data-widget_type=\"text-editor.default\">\n\t\t\t\t<div class=\"elementor-widget-container\">\n\t\t\t\t\t\t\t\t\t<p>La municipalit\u00e9 est propri\u00e9taire de l\u2019\u00e9difice, l\u2019affectataire est canoniquement nomm\u00e9 par l\u2019\u00e9v\u00eaque.<\/p>\t\t\t\t\t\t\t\t<\/div>\n\t\t\t\t<\/div>\n\t\t\t\t\t<\/div>\n\t\t\t\t<\/div>\n\t\t\t\t<\/div>\n\t\t","protected":false},"excerpt":{"rendered":"<p>Construite sur un commun de village, la chapelle Saint Thuriau daterait du XV\u00b0s. Cette chapelle pr\u00e9sente un plan architectural rectangulaire simple. Un clocheton surmonte le mur pignon Ouest perc\u00e9 de la porte principale. La fa\u00e7ade Nord comporte une seule fen\u00eatre, alors que la fa\u00e7ade Sud comporte \u00e0 la fois une petite porte et une fen\u00eatre. [&hellip;]<\/p>\n","protected":false},"author":1,"featured_media":0,"parent":0,"menu_order":0,"comment_status":"closed","ping_status":"closed","template":"elementor_header_footer","meta":{"ocean_post_layout":"","ocean_both_sidebars_style":"","ocean_both_sidebars_content_width":0,"ocean_both_sidebars_sidebars_width":0,"ocean_sidebar":"","ocean_second_sidebar":"","ocean_disable_margins":"enable","ocean_add_body_class":"","ocean_shortcode_before_top_bar":"","ocean_shortcode_after_top_bar":"","ocean_shortcode_before_header":"","ocean_shortcode_after_header":"","ocean_has_shortcode":"","ocean_shortcode_after_title":"","ocean_shortcode_before_footer_widgets":"","ocean_shortcode_after_footer_widgets":"","ocean_shortcode_before_footer_bottom":"","ocean_shortcode_after_footer_bottom":"","ocean_display_top_bar":"default","ocean_display_header":"default","ocean_header_style":"","ocean_center_header_left_menu":"","ocean_custom_header_template":"","ocean_custom_logo":0,"ocean_custom_retina_logo":0,"ocean_custom_logo_max_width":0,"ocean_custom_logo_tablet_max_width":0,"ocean_custom_logo_mobile_max_width":0,"ocean_custom_logo_max_height":0,"ocean_custom_logo_tablet_max_height":0,"ocean_custom_logo_mobile_max_height":0,"ocean_header_custom_menu":"","ocean_menu_typo_font_family":"","ocean_menu_typo_font_subset":"","ocean_menu_typo_font_size":0,"ocean_menu_typo_font_size_tablet":0,"ocean_menu_typo_font_size_mobile":0,"ocean_menu_typo_font_size_unit":"px","ocean_menu_typo_font_weight":"","ocean_menu_typo_font_weight_tablet":"","ocean_menu_typo_font_weight_mobile":"","ocean_menu_typo_transform":"","ocean_menu_typo_transform_tablet":"","ocean_menu_typo_transform_mobile":"","ocean_menu_typo_line_height":0,"ocean_menu_typo_line_height_tablet":0,"ocean_menu_typo_line_height_mobile":0,"ocean_menu_typo_line_height_unit":"","ocean_menu_typo_spacing":0,"ocean_menu_typo_spacing_tablet":0,"ocean_menu_typo_spacing_mobile":0,"ocean_menu_typo_spacing_unit":"","ocean_menu_link_color":"","ocean_menu_link_color_hover":"","ocean_menu_link_color_active":"","ocean_menu_link_background":"","ocean_menu_link_hover_background":"","ocean_menu_link_active_background":"","ocean_menu_social_links_bg":"","ocean_menu_social_hover_links_bg":"","ocean_menu_social_links_color":"","ocean_menu_social_hover_links_color":"","ocean_disable_title":"default","ocean_disable_heading":"default","ocean_post_title":"","ocean_post_subheading":"","ocean_post_title_style":"","ocean_post_title_background_color":"","ocean_post_title_background":0,"ocean_post_title_bg_image_position":"","ocean_post_title_bg_image_attachment":"","ocean_post_title_bg_image_repeat":"","ocean_post_title_bg_image_size":"","ocean_post_title_height":0,"ocean_post_title_bg_overlay":0.5,"ocean_post_title_bg_overlay_color":"","ocean_disable_breadcrumbs":"default","ocean_breadcrumbs_color":"","ocean_breadcrumbs_separator_color":"","ocean_breadcrumbs_links_color":"","ocean_breadcrumbs_links_hover_color":"","ocean_display_footer_widgets":"default","ocean_display_footer_bottom":"default","ocean_custom_footer_template":"","footnotes":""},"class_list":["post-88","page","type-page","status-publish","hentry","entry"],"_links":{"self":[{"href":"https:\/\/amischapellelestreviau.fr\/index.php\/wp-json\/wp\/v2\/pages\/88","targetHints":{"allow":["GET"]}}],"collection":[{"href":"https:\/\/amischapellelestreviau.fr\/index.php\/wp-json\/wp\/v2\/pages"}],"about":[{"href":"https:\/\/amischapellelestreviau.fr\/index.php\/wp-json\/wp\/v2\/types\/page"}],"author":[{"embeddable":true,"href":"https:\/\/amischapellelestreviau.fr\/index.php\/wp-json\/wp\/v2\/users\/1"}],"replies":[{"embeddable":true,"href":"https:\/\/amischapellelestreviau.fr\/index.php\/wp-json\/wp\/v2\/comments?post=88"}],"version-history":[{"count":13,"href":"https:\/\/amischapellelestreviau.fr\/index.php\/wp-json\/wp\/v2\/pages\/88\/revisions"}],"predecessor-version":[{"id":151,"href":"https:\/\/amischapellelestreviau.fr\/index.php\/wp-json\/wp\/v2\/pages\/88\/revisions\/151"}],"wp:attachment":[{"href":"https:\/\/amischapellelestreviau.fr\/index.php\/wp-json\/wp\/v2\/media?parent=88"}],"curies":[{"name":"wp","href":"https:\/\/api.w.org\/{rel}","templated":true}]}}