{"id":83,"date":"2025-01-14T19:33:01","date_gmt":"2025-01-14T18:33:01","guid":{"rendered":"https:\/\/amischapellelestreviau.fr\/?page_id=83"},"modified":"2025-01-14T21:37:02","modified_gmt":"2025-01-14T20:37:02","slug":"la-chapelle-saint-thuriau","status":"publish","type":"page","link":"https:\/\/amischapellelestreviau.fr\/index.php\/la-chapelle-saint-thuriau\/","title":{"rendered":"La chapelle Saint Thuriau"},"content":{"rendered":"\t\t<div data-elementor-type=\"wp-page\" data-elementor-id=\"83\" class=\"elementor elementor-83\">\n\t\t\t\t<div class=\"elementor-element elementor-element-3c42f0f e-flex e-con-boxed e-con e-parent\" data-id=\"3c42f0f\" data-element_type=\"container\" data-e-type=\"container\">\n\t\t\t\t\t<div class=\"e-con-inner\">\n\t\t\t\t<div class=\"elementor-element elementor-element-249baff elementor-widget elementor-widget-image\" data-id=\"249baff\" data-element_type=\"widget\" data-e-type=\"widget\" data-widget_type=\"image.default\">\n\t\t\t\t<div class=\"elementor-widget-container\">\n\t\t\t\t\t\t\t\t\t\t\t\t\t\t\t\t<a href=\"https:\/\/amischapellelestreviau.fr\/wp-content\/uploads\/2025\/01\/DSC00656-Lestreviau.jpg\" data-elementor-open-lightbox=\"no\">\n\t\t\t\t\t\t\t<img fetchpriority=\"high\" decoding=\"async\" width=\"1024\" height=\"768\" src=\"https:\/\/amischapellelestreviau.fr\/wp-content\/uploads\/2025\/01\/DSC00656-Lestreviau-1024x768.jpg\" class=\"attachment-large size-large wp-image-138\" alt=\"\" srcset=\"https:\/\/amischapellelestreviau.fr\/wp-content\/uploads\/2025\/01\/DSC00656-Lestreviau-1024x768.jpg 1024w, https:\/\/amischapellelestreviau.fr\/wp-content\/uploads\/2025\/01\/DSC00656-Lestreviau-300x225.jpg 300w, https:\/\/amischapellelestreviau.fr\/wp-content\/uploads\/2025\/01\/DSC00656-Lestreviau-768x576.jpg 768w, https:\/\/amischapellelestreviau.fr\/wp-content\/uploads\/2025\/01\/DSC00656-Lestreviau-1536x1152.jpg 1536w, https:\/\/amischapellelestreviau.fr\/wp-content\/uploads\/2025\/01\/DSC00656-Lestreviau.jpg 1920w\" sizes=\"(max-width: 1024px) 100vw, 1024px\" \/>\t\t\t\t\t\t\t\t<\/a>\n\t\t\t\t\t\t\t\t\t\t\t\t\t\t\t<\/div>\n\t\t\t\t<\/div>\n\t\t\t\t\t<\/div>\n\t\t\t\t<\/div>\n\t\t<div class=\"elementor-element elementor-element-bc5b438 e-flex e-con-boxed e-con e-parent\" data-id=\"bc5b438\" data-element_type=\"container\" data-e-type=\"container\">\n\t\t\t\t\t<div class=\"e-con-inner\">\n\t\t\t\t<div class=\"elementor-element elementor-element-4ccaf2e elementor-widget elementor-widget-text-editor\" data-id=\"4ccaf2e\" data-element_type=\"widget\" data-e-type=\"widget\" data-widget_type=\"text-editor.default\">\n\t\t\t\t<div class=\"elementor-widget-container\">\n\t\t\t\t\t\t\t\t\t<section class=\"elementor-section elementor-top-section elementor-element elementor-element-1755261b elementor-section-boxed elementor-section-height-default elementor-section-height-default\" data-id=\"1755261b\" data-element_type=\"section\"><div class=\"elementor-container elementor-column-gap-default\"><div class=\"elementor-column elementor-col-100 elementor-top-column elementor-element elementor-element-3f266ccb\" data-id=\"3f266ccb\" data-element_type=\"column\"><div class=\"elementor-widget-wrap elementor-element-populated\"><div class=\"elementor-element elementor-element-012734c elementor-widget elementor-widget-shortcode\" data-id=\"012734c\" data-element_type=\"widget\" data-widget_type=\"shortcode.default\"><div class=\"elementor-widget-container\"><div class=\"elementor-shortcode\"><div id=\"metaslider-id-109\" class=\"ml-slider-3-70-2 metaslider metaslider-nivo metaslider-109 ml-slider ms-theme-default\" tabindex=\"1\" role=\"region\" aria-roledescription=\"Slideshow\" aria-label=\"New Slideshow\"><div id=\"metaslider_container_109\"><div class=\"slider-wrapper theme-default\"><div class=\"nivo-controlNav\"><span class=\"xwd22\">A<\/span><span class=\"xwd23\">\u00a0<\/span><span class=\"xwd22\">Lestr\u00e9viau<\/span><span class=\"xwd23\">\u00a0la chapelle de\u00a0<\/span><span class=\"xwd22\">Saint Thuriau\u00a0<\/span><span class=\"xwd23\">a \u00e9t\u00e9 plac\u00e9e sur un commun de village. Des incertitudes demeurent quant \u00e0 la date de sa construction et de sa reconstruction.<\/span><\/div><\/div><\/div><\/div><\/div><\/div><\/div><\/div><\/div><\/div><\/section><section class=\"elementor-section elementor-top-section elementor-element elementor-element-d1a052b elementor-section-boxed elementor-section-height-default elementor-section-height-default\" data-id=\"d1a052b\" data-element_type=\"section\"><div class=\"elementor-container elementor-column-gap-default\"><div class=\"elementor-column elementor-col-100 elementor-top-column elementor-element elementor-element-8a93df1\" data-id=\"8a93df1\" data-element_type=\"column\"><div class=\"elementor-widget-wrap elementor-element-populated\"><div class=\"elementor-element elementor-element-f2b71c6 elementor-widget__width-initial elementor-widget elementor-widget-text-editor\" data-id=\"f2b71c6\" data-element_type=\"widget\" data-widget_type=\"text-editor.default\"><div class=\"elementor-widget-container\"><p class=\"xwd21\"><span class=\"xwd23\">Le nom Lestreviau peut \u00eatre d\u00e9clin\u00e9 comme suit : le premier terme \u00ab LES\u00bb indique une cour seigneuriale avec un bourg o\u00f9 r\u00e9sidait un chef qui y avait son manoir. Le second terme \u00ab TRE \u00bb indique un village.<\/span><\/p><p><span class=\"xwd23\">Les \u00e9crits les plus anciens retrouv\u00e9s aujourd\u2019hui pour Lestreviau, ce sont quelques lignes d\u2019un rapport de la curie \u00e9piscopale, qui a eu lieu en 1633 et qui mentionnait la chapelle.\u00a0<\/span><\/p><p><span class=\"xwd23\">Une autre note plus r\u00e9cente (1833) dit que \u00ab\u00a0<\/span><span class=\"xwd24\">il existait une chapellerie de St Thuriau d\u00e9cern\u00e9e dans la chapelle du village de Lestreviau<\/span><span class=\"xwd23\">\u00a0\u00bb. Une chapellerie \u00e9tait une fondation, une messe, qui \u00e9tait dite \u00e0 intervalle pr\u00e9vue par la fondation, dans la chapelle. Il y avait obligation \u00e0 un chapelain d\u2019assurer la messe \u00e0 des moments\u00a0 d\u00e9termin\u00e9s, et en compensation on lui donnait un logement.<\/span><\/p><p><span class=\"xwd23\">Concernant les chapelles du Morbihan, il est \u00e9crit dans un article sur St Thuriau : \u00ab\u00a0<\/span><span class=\"xwd24\">Plusieurs chapelles lui ont \u00e9t\u00e9 d\u00e9di\u00e9es : celle de Plougoumelen au village de Lestreviau o\u00f9 se d\u00e9tenait une chapelle mise \u00e0 son nom a disparu<\/span><span class=\"xwd23\">\u00a0\u00bb.<\/span><\/p><p><span class=\"xwd23\">Cette\u00a0\u00a0<\/span><span class=\"xwd22\">chapelle existait certainement avant le XVI\u00b0s, probablement au XV\u00b0s\u00a0<\/span><span class=\"xwd23\">comme en t\u00e9moignent les petites figures aux angles du toit typiques du XV\u00b0s.<\/span><\/p><p><span class=\"xwd22\">Elle a \u00e9t\u00e9 reconstruite au XVIII\u00b0<\/span><span class=\"xwd23\">\u00a0 sur le m\u00eame site.\u00a0<\/span><\/p><p><span class=\"xwd23\">\u00a0<\/span><span class=\"xwd22\">Particularit\u00e9<\/span><span class=\"xwd23\">\u00a0: la chapelle Saint Thuriau est une des rares chapelles de la r\u00e9gion ayant conserv\u00e9 son sol en terre battue. C\u2019est un \u00e9l\u00e9ment important r\u00e9gulateur de l\u2019hygrom\u00e9trie, surtout en regard des enduits ciments des joints entre les pierres des parois.<\/span><\/p><\/div><\/div><\/div><\/div><\/div><\/section>\t\t\t\t\t\t\t\t<\/div>\n\t\t\t\t<\/div>\n\t\t\t\t\t<\/div>\n\t\t\t\t<\/div>\n\t\t\t\t<\/div>\n\t\t","protected":false},"excerpt":{"rendered":"<p>A\u00a0Lestr\u00e9viau\u00a0la chapelle de\u00a0Saint Thuriau\u00a0a \u00e9t\u00e9 plac\u00e9e sur un commun de village. Des incertitudes demeurent quant \u00e0 la date de sa construction et de sa reconstruction. Le nom Lestreviau peut \u00eatre d\u00e9clin\u00e9 comme suit : le premier terme \u00ab LES\u00bb indique une cour seigneuriale avec un bourg o\u00f9 r\u00e9sidait un chef qui y avait son manoir. [&hellip;]<\/p>\n","protected":false},"author":1,"featured_media":0,"parent":0,"menu_order":0,"comment_status":"closed","ping_status":"closed","template":"elementor_header_footer","meta":{"ocean_post_layout":"","ocean_both_sidebars_style":"","ocean_both_sidebars_content_width":0,"ocean_both_sidebars_sidebars_width":0,"ocean_sidebar":"","ocean_second_sidebar":"","ocean_disable_margins":"enable","ocean_add_body_class":"","ocean_shortcode_before_top_bar":"","ocean_shortcode_after_top_bar":"","ocean_shortcode_before_header":"","ocean_shortcode_after_header":"","ocean_has_shortcode":"","ocean_shortcode_after_title":"","ocean_shortcode_before_footer_widgets":"","ocean_shortcode_after_footer_widgets":"","ocean_shortcode_before_footer_bottom":"","ocean_shortcode_after_footer_bottom":"","ocean_display_top_bar":"default","ocean_display_header":"default","ocean_header_style":"","ocean_center_header_left_menu":"","ocean_custom_header_template":"","ocean_custom_logo":0,"ocean_custom_retina_logo":0,"ocean_custom_logo_max_width":0,"ocean_custom_logo_tablet_max_width":0,"ocean_custom_logo_mobile_max_width":0,"ocean_custom_logo_max_height":0,"ocean_custom_logo_tablet_max_height":0,"ocean_custom_logo_mobile_max_height":0,"ocean_header_custom_menu":"","ocean_menu_typo_font_family":"","ocean_menu_typo_font_subset":"","ocean_menu_typo_font_size":0,"ocean_menu_typo_font_size_tablet":0,"ocean_menu_typo_font_size_mobile":0,"ocean_menu_typo_font_size_unit":"px","ocean_menu_typo_font_weight":"","ocean_menu_typo_font_weight_tablet":"","ocean_menu_typo_font_weight_mobile":"","ocean_menu_typo_transform":"","ocean_menu_typo_transform_tablet":"","ocean_menu_typo_transform_mobile":"","ocean_menu_typo_line_height":0,"ocean_menu_typo_line_height_tablet":0,"ocean_menu_typo_line_height_mobile":0,"ocean_menu_typo_line_height_unit":"","ocean_menu_typo_spacing":0,"ocean_menu_typo_spacing_tablet":0,"ocean_menu_typo_spacing_mobile":0,"ocean_menu_typo_spacing_unit":"","ocean_menu_link_color":"","ocean_menu_link_color_hover":"","ocean_menu_link_color_active":"","ocean_menu_link_background":"","ocean_menu_link_hover_background":"","ocean_menu_link_active_background":"","ocean_menu_social_links_bg":"","ocean_menu_social_hover_links_bg":"","ocean_menu_social_links_color":"","ocean_menu_social_hover_links_color":"","ocean_disable_title":"default","ocean_disable_heading":"default","ocean_post_title":"","ocean_post_subheading":"","ocean_post_title_style":"","ocean_post_title_background_color":"","ocean_post_title_background":0,"ocean_post_title_bg_image_position":"","ocean_post_title_bg_image_attachment":"","ocean_post_title_bg_image_repeat":"","ocean_post_title_bg_image_size":"","ocean_post_title_height":0,"ocean_post_title_bg_overlay":0.5,"ocean_post_title_bg_overlay_color":"","ocean_disable_breadcrumbs":"default","ocean_breadcrumbs_color":"","ocean_breadcrumbs_separator_color":"","ocean_breadcrumbs_links_color":"","ocean_breadcrumbs_links_hover_color":"","ocean_display_footer_widgets":"default","ocean_display_footer_bottom":"default","ocean_custom_footer_template":"","footnotes":""},"class_list":["post-83","page","type-page","status-publish","hentry","entry"],"_links":{"self":[{"href":"https:\/\/amischapellelestreviau.fr\/index.php\/wp-json\/wp\/v2\/pages\/83","targetHints":{"allow":["GET"]}}],"collection":[{"href":"https:\/\/amischapellelestreviau.fr\/index.php\/wp-json\/wp\/v2\/pages"}],"about":[{"href":"https:\/\/amischapellelestreviau.fr\/index.php\/wp-json\/wp\/v2\/types\/page"}],"author":[{"embeddable":true,"href":"https:\/\/amischapellelestreviau.fr\/index.php\/wp-json\/wp\/v2\/users\/1"}],"replies":[{"embeddable":true,"href":"https:\/\/amischapellelestreviau.fr\/index.php\/wp-json\/wp\/v2\/comments?post=83"}],"version-history":[{"count":13,"href":"https:\/\/amischapellelestreviau.fr\/index.php\/wp-json\/wp\/v2\/pages\/83\/revisions"}],"predecessor-version":[{"id":144,"href":"https:\/\/amischapellelestreviau.fr\/index.php\/wp-json\/wp\/v2\/pages\/83\/revisions\/144"}],"wp:attachment":[{"href":"https:\/\/amischapellelestreviau.fr\/index.php\/wp-json\/wp\/v2\/media?parent=83"}],"curies":[{"name":"wp","href":"https:\/\/api.w.org\/{rel}","templated":true}]}}