{"id":51,"date":"2025-01-14T18:54:55","date_gmt":"2025-01-14T17:54:55","guid":{"rendered":"https:\/\/amischapellelestreviau.fr\/?page_id=51"},"modified":"2025-01-14T19:29:52","modified_gmt":"2025-01-14T18:29:52","slug":"creation","status":"publish","type":"page","link":"https:\/\/amischapellelestreviau.fr\/index.php\/creation\/","title":{"rendered":"Cr\u00e9ation"},"content":{"rendered":"\t\t<div data-elementor-type=\"wp-page\" data-elementor-id=\"51\" class=\"elementor elementor-51\">\n\t\t\t\t<div class=\"elementor-element elementor-element-47f4381 e-flex e-con-boxed e-con e-parent\" data-id=\"47f4381\" data-element_type=\"container\" data-e-type=\"container\">\n\t\t\t\t\t<div class=\"e-con-inner\">\n\t\t\t\t<div class=\"elementor-element elementor-element-9b56ef3 elementor-widget elementor-widget-text-editor\" data-id=\"9b56ef3\" data-element_type=\"widget\" data-e-type=\"widget\" data-widget_type=\"text-editor.default\">\n\t\t\t\t<div class=\"elementor-widget-container\">\n\t\t\t\t\t\t\t\t\t<p><span class=\"xwd18\">Cr\u00e9\u00e9e en 2010, l\u2019association \u00ab\u00a0Les Amis de la Chapelle de Lestreviau\u00a0\u00bb a pour but la sauvegarde et la mise en valeur de la chapelle Saint Thuriau \u00e0 Lestreviau, commune de PLOUGOUMELEN dans le Morbihan.<br \/><\/span><\/p><p><span class=\"xwd18\">L\u2019association est consid\u00e9r\u00e9e comme un organisme d\u2019int\u00e9r\u00eat g\u00e9n\u00e9ral.<br \/><\/span><span class=\"xwd18\">Elle est habilit\u00e9e \u00e0 recevoir des dons et \u00e0 d\u00e9livrer des certificats fiscaux en contrepartie.<\/span><\/p><p><span class=\"xwd18\">La chapelle Saint Thuriau est aujourd\u2019hui l\u2019unique chapelle de la commune, la chapelle Notre Dame de Locmaria ayant en effet totalement disparu, victime du temps et de l\u2019oubli.<\/span><\/p>\t\t\t\t\t\t\t\t<\/div>\n\t\t\t\t<\/div>\n\t\t\t\t\t<\/div>\n\t\t\t\t<\/div>\n\t\t\t\t<\/div>\n\t\t","protected":false},"excerpt":{"rendered":"<p>Cr\u00e9\u00e9e en 2010, l\u2019association \u00ab\u00a0Les Amis de la Chapelle de Lestreviau\u00a0\u00bb a pour but la sauvegarde et la mise en valeur de la chapelle Saint Thuriau \u00e0 Lestreviau, commune de PLOUGOUMELEN dans le Morbihan. L\u2019association est consid\u00e9r\u00e9e comme un organisme d\u2019int\u00e9r\u00eat g\u00e9n\u00e9ral.Elle est habilit\u00e9e \u00e0 recevoir des dons et \u00e0 d\u00e9livrer des certificats fiscaux en [&hellip;]<\/p>\n","protected":false},"author":1,"featured_media":0,"parent":0,"menu_order":0,"comment_status":"closed","ping_status":"closed","template":"elementor_header_footer","meta":{"ocean_post_layout":"","ocean_both_sidebars_style":"","ocean_both_sidebars_content_width":0,"ocean_both_sidebars_sidebars_width":0,"ocean_sidebar":"","ocean_second_sidebar":"","ocean_disable_margins":"enable","ocean_add_body_class":"","ocean_shortcode_before_top_bar":"","ocean_shortcode_after_top_bar":"","ocean_shortcode_before_header":"","ocean_shortcode_after_header":"","ocean_has_shortcode":"","ocean_shortcode_after_title":"","ocean_shortcode_before_footer_widgets":"","ocean_shortcode_after_footer_widgets":"","ocean_shortcode_before_footer_bottom":"","ocean_shortcode_after_footer_bottom":"","ocean_display_top_bar":"default","ocean_display_header":"default","ocean_header_style":"","ocean_center_header_left_menu":"","ocean_custom_header_template":"","ocean_custom_logo":0,"ocean_custom_retina_logo":0,"ocean_custom_logo_max_width":0,"ocean_custom_logo_tablet_max_width":0,"ocean_custom_logo_mobile_max_width":0,"ocean_custom_logo_max_height":0,"ocean_custom_logo_tablet_max_height":0,"ocean_custom_logo_mobile_max_height":0,"ocean_header_custom_menu":"","ocean_menu_typo_font_family":"","ocean_menu_typo_font_subset":"","ocean_menu_typo_font_size":0,"ocean_menu_typo_font_size_tablet":0,"ocean_menu_typo_font_size_mobile":0,"ocean_menu_typo_font_size_unit":"px","ocean_menu_typo_font_weight":"","ocean_menu_typo_font_weight_tablet":"","ocean_menu_typo_font_weight_mobile":"","ocean_menu_typo_transform":"","ocean_menu_typo_transform_tablet":"","ocean_menu_typo_transform_mobile":"","ocean_menu_typo_line_height":0,"ocean_menu_typo_line_height_tablet":0,"ocean_menu_typo_line_height_mobile":0,"ocean_menu_typo_line_height_unit":"","ocean_menu_typo_spacing":0,"ocean_menu_typo_spacing_tablet":0,"ocean_menu_typo_spacing_mobile":0,"ocean_menu_typo_spacing_unit":"","ocean_menu_link_color":"","ocean_menu_link_color_hover":"","ocean_menu_link_color_active":"","ocean_menu_link_background":"","ocean_menu_link_hover_background":"","ocean_menu_link_active_background":"","ocean_menu_social_links_bg":"","ocean_menu_social_hover_links_bg":"","ocean_menu_social_links_color":"","ocean_menu_social_hover_links_color":"","ocean_disable_title":"default","ocean_disable_heading":"default","ocean_post_title":"","ocean_post_subheading":"","ocean_post_title_style":"","ocean_post_title_background_color":"","ocean_post_title_background":0,"ocean_post_title_bg_image_position":"","ocean_post_title_bg_image_attachment":"","ocean_post_title_bg_image_repeat":"","ocean_post_title_bg_image_size":"","ocean_post_title_height":0,"ocean_post_title_bg_overlay":0.5,"ocean_post_title_bg_overlay_color":"","ocean_disable_breadcrumbs":"default","ocean_breadcrumbs_color":"","ocean_breadcrumbs_separator_color":"","ocean_breadcrumbs_links_color":"","ocean_breadcrumbs_links_hover_color":"","ocean_display_footer_widgets":"default","ocean_display_footer_bottom":"default","ocean_custom_footer_template":"","footnotes":""},"class_list":["post-51","page","type-page","status-publish","hentry","entry"],"_links":{"self":[{"href":"https:\/\/amischapellelestreviau.fr\/index.php\/wp-json\/wp\/v2\/pages\/51","targetHints":{"allow":["GET"]}}],"collection":[{"href":"https:\/\/amischapellelestreviau.fr\/index.php\/wp-json\/wp\/v2\/pages"}],"about":[{"href":"https:\/\/amischapellelestreviau.fr\/index.php\/wp-json\/wp\/v2\/types\/page"}],"author":[{"embeddable":true,"href":"https:\/\/amischapellelestreviau.fr\/index.php\/wp-json\/wp\/v2\/users\/1"}],"replies":[{"embeddable":true,"href":"https:\/\/amischapellelestreviau.fr\/index.php\/wp-json\/wp\/v2\/comments?post=51"}],"version-history":[{"count":4,"href":"https:\/\/amischapellelestreviau.fr\/index.php\/wp-json\/wp\/v2\/pages\/51\/revisions"}],"predecessor-version":[{"id":55,"href":"https:\/\/amischapellelestreviau.fr\/index.php\/wp-json\/wp\/v2\/pages\/51\/revisions\/55"}],"wp:attachment":[{"href":"https:\/\/amischapellelestreviau.fr\/index.php\/wp-json\/wp\/v2\/media?parent=51"}],"curies":[{"name":"wp","href":"https:\/\/api.w.org\/{rel}","templated":true}]}}